{"id":9838,"date":"2023-03-31T15:26:27","date_gmt":"2023-03-31T18:26:27","guid":{"rendered":"https:\/\/2022.aniu.org.uy\/history\/"},"modified":"2023-05-05T08:53:53","modified_gmt":"2023-05-05T11:53:53","slug":"history","status":"publish","type":"page","link":"https:\/\/2022.aniu.org.uy\/en\/history\/","title":{"rendered":"History"},"content":{"rendered":"\t\t<div data-elementor-type=\"wp-page\" data-elementor-id=\"9838\" class=\"elementor elementor-9838 elementor-8440\">\n\t\t\t\t\t\t<div class=\" elementor-section elementor-top-section elementor-element elementor-element-424d9c3 elementor-section-full_width overflow-hidden alpha-section-stretched elementor-section-height-default elementor-section-height-default smart-sticky-default\" data-id=\"424d9c3\" data-element_type=\"section\" data-settings=\"{&quot;animation&quot;:&quot;none&quot;}\">\r\n\t\t\t\t\t\t\t\t<!-- Begin .elementor-container -->\r\n\t\t\t\t\t<div class=\"elementor-container elementor-column-gap-no  banner banner-fixed \">\r\n\t\t\t\t\r\n\t\t\t\t\t\t\t\t\t<figure class=\"banner-img\">\r\n\t\t\t\t\t\t<img fetchpriority=\"high\" decoding=\"async\" width=\"1920\" height=\"970\" src=\"https:\/\/2022.aniu.org.uy\/wp-content\/uploads\/2023\/04\/banner-historia.jpg\" class=\"attachment-full size-full\" alt=\"\" style=\"background-color:#333333\" srcset=\"https:\/\/2022.aniu.org.uy\/wp-content\/uploads\/2023\/04\/banner-historia.jpg 1920w, https:\/\/2022.aniu.org.uy\/wp-content\/uploads\/2023\/04\/banner-historia-1024x517.jpg 1024w, https:\/\/2022.aniu.org.uy\/wp-content\/uploads\/2023\/04\/banner-historia-768x388.jpg 768w, https:\/\/2022.aniu.org.uy\/wp-content\/uploads\/2023\/04\/banner-historia-1536x776.jpg 1536w\" sizes=\"(max-width: 1920px) 100vw, 1920px\" \/>\t\t\t\t\t<\/figure>\r\n\t\t\t\t\t\t\t\t\t\t<div class=\" banner-content t-mc elementor-column elementor-col-100 elementor-top-column elementor-element elementor-element-60d31d2 elementor-invisible \" data-id=\"60d31d2\" data-element_type=\"column\" data-settings=\"{&quot;background_background&quot;:&quot;classic&quot;,&quot;animation&quot;:&quot;fadeIn&quot;}\">\r\n\r\n\t\t\t\t\r\n\t\t\t\t<div class=\"elementor-widget-wrap elementor-element-populated\">\r\n\t\t\t\t\t\t\t\t\t\t\r\n\t\t\t\t\t\t<div class=\"elementor-element elementor-element-4512148 elementor-hidden-desktop elementor-hidden-tablet elementor-hidden-mobile elementor-invisible elementor-widget elementor-widget-heading\" data-id=\"4512148\" data-element_type=\"widget\" data-settings=\"{&quot;_animation&quot;:&quot;fadeInDownShorter&quot;}\" data-widget_type=\"heading.default\">\n\t\t\t\t<div class=\"elementor-widget-container\">\n\t\t\t\t\t<h3 class=\"elementor-heading-title elementor-size-default\">About us<\/h3>\t\t\t\t<\/div>\n\t\t\t\t<\/div>\n\t\t\t\t<div class=\"elementor-element elementor-element-54ca5f5 ms-auto me-auto elementor-widget__width-initial elementor-widget-mobile__width-initial elementor-invisible elementor-widget elementor-widget-heading\" data-id=\"54ca5f5\" data-element_type=\"widget\" data-settings=\"{&quot;_animation&quot;:&quot;fadeInDownShorter&quot;}\" data-widget_type=\"heading.default\">\n\t\t\t\t<div class=\"elementor-widget-container\">\n\t\t\t\t\t<h1 class=\"elementor-heading-title elementor-size-default\">History<\/h1>\t\t\t\t<\/div>\n\t\t\t\t<\/div>\n\t\t\t\t\t\t<\/div>\r\n\t\t\t\t<\/div>\r\n\t\t\t\t\t\t\t\t\t<\/div><!-- End .elementor-container -->\r\n\t\t\t\t\t\t\t\t<\/div>\r\n\t\t\t\t\t\t<section class=\" elementor-section elementor-top-section elementor-element elementor-element-0af288f elementor-section-full_width elementor-section-height-default elementor-section-height-default smart-sticky-default\" data-id=\"0af288f\" data-element_type=\"section\">\r\n\t\t\t\t\t\t\t\t<div class=\"elementor-container elementor-column-gap-default\">\r\n\t\t\t\t\r\n\t\t\t\t\t\t\t\t<div class=\" elementor-column elementor-col-100 elementor-top-column elementor-element elementor-element-722c2d7 \" data-id=\"722c2d7\" data-element_type=\"column\">\r\n\r\n\t\t\t\t\r\n\t\t\t\t<div class=\"elementor-widget-wrap elementor-element-populated\">\r\n\t\t\t\t\t\t\t\t\t\t\r\n\t\t\t\t\t\t<div class=\"elementor-element elementor-element-abf6c8c elementor-widget elementor-widget-udesign_widget_breadcrumb\" data-id=\"abf6c8c\" data-element_type=\"widget\" data-widget_type=\"udesign_widget_breadcrumb.default\">\n\t\t\t\t<div class=\"elementor-widget-container\">\n\t\t\t\t\t<ul class=\"breadcrumb\"><li><a href=\"https:\/\/2022.aniu.org.uy\/en\/\" aria-label=\"Breadcrumb\">Home<\/a><\/li><\/ul><script type=\"application\/ld+json\">{\"@context\":\"https:\\\/\\\/schema.org\\\/\",\"@type\":\"BreadcrumbList\",\"itemListElement\":[{\"@type\":\"ListItem\",\"position\":1,\"item\":{\"name\":\"Home\",\"@id\":\"https:\\\/\\\/2022.aniu.org.uy\\\/en\\\/\"}}]}<\/script>\t\t\t\t<\/div>\n\t\t\t\t<\/div>\n\t\t\t\t\t\t<\/div>\r\n\t\t\t\t<\/div>\r\n\t\t\t\t\t\t\t\t<\/div>\r\n\t\t\t<\/section>\r\n\t\t\t\t\t<section class=\" elementor-section elementor-top-section elementor-element elementor-element-4863a9c elementor-section-full_width alpha-section-stretched breadcrumb-wrap elementor-section-height-default elementor-section-height-default smart-sticky-default\" data-id=\"4863a9c\" data-element_type=\"section\">\r\n\t\t\t\t\t\t\t\t<div class=\"elementor-container elementor-column-gap-default\">\r\n\t\t\t\t\r\n\t\t\t\t\t\t\t\t<div class=\" elementor-column elementor-col-100 elementor-top-column elementor-element elementor-element-3f03aa6 \" data-id=\"3f03aa6\" data-element_type=\"column\">\r\n\r\n\t\t\t\t\r\n\t\t\t\t<div class=\"elementor-widget-wrap\">\r\n\t\t\t\t\t\t\t\t\t\t\r\n\t\t\t\t\t\t\t\t<\/div>\r\n\t\t\t\t<\/div>\r\n\t\t\t\t\t\t\t\t<\/div>\r\n\t\t\t<\/section>\r\n\t\t\t\t\t<section class=\" elementor-section elementor-top-section elementor-element elementor-element-97f49cd elementor-section-boxed elementor-section-height-default elementor-section-height-default smart-sticky-default\" data-id=\"97f49cd\" data-element_type=\"section\">\r\n\t\t\t\t\t\t\t\t<div class=\"elementor-container elementor-column-gap-default\">\r\n\t\t\t\t\r\n\t\t\t\t\t\t\t\t<div class=\" elementor-column elementor-col-100 elementor-top-column elementor-element elementor-element-f2d682b \" data-id=\"f2d682b\" data-element_type=\"column\">\r\n\r\n\t\t\t\t\r\n\t\t\t\t<div class=\"elementor-widget-wrap elementor-element-populated\">\r\n\t\t\t\t\t\t\t\t\t\t\r\n\t\t\t\t\t\t<div class=\"elementor-element elementor-element-40a912a elementor-widget elementor-widget-spacer\" data-id=\"40a912a\" data-element_type=\"widget\" data-widget_type=\"spacer.default\">\n\t\t\t\t<div class=\"elementor-widget-container\">\n\t\t\t\t\t\t\t<div class=\"elementor-spacer\">\n\t\t\t<div class=\"elementor-spacer-inner\"><\/div>\n\t\t<\/div>\n\t\t\t\t\t\t<\/div>\n\t\t\t\t<\/div>\n\t\t\t\t\t\t<\/div>\r\n\t\t\t\t<\/div>\r\n\t\t\t\t\t\t\t\t<\/div>\r\n\t\t\t<\/section>\r\n\t\t\t\t\t<section class=\" elementor-section elementor-top-section elementor-element elementor-element-b31eba0 elementor-section-boxed elementor-section-height-default elementor-section-height-default smart-sticky-default\" data-id=\"b31eba0\" data-element_type=\"section\">\r\n\t\t\t\t\t\t\t\t<div class=\"elementor-container elementor-column-gap-default\">\r\n\t\t\t\t\r\n\t\t\t\t\t\t\t\t<div class=\" elementor-column elementor-col-50 elementor-top-column elementor-element elementor-element-93aea40 \" data-id=\"93aea40\" data-element_type=\"column\">\r\n\r\n\t\t\t\t\r\n\t\t\t\t<div class=\"elementor-widget-wrap elementor-element-populated\">\r\n\t\t\t\t\t\t\t\t\t\t\r\n\t\t\t\t\t\t<div data-plugin=\"floating\" data-options=\"{&quot;invertX&quot;:false,&quot;invertY&quot;:false}\" data-floating-depth=\"0.1\" class=\"elementor-element elementor-element-aa476f3 elementor-invisible elementor-widget elementor-widget-image\" data-id=\"aa476f3\" data-element_type=\"widget\" data-settings=\"{&quot;_animation&quot;:&quot;zoomIn&quot;,&quot;_animation_delay&quot;:200}\" data-widget_type=\"image.default\">\n\t\t\t\t<div class=\"elementor-widget-container\">\n\t\t\t\t\t\t\t\t\t\t\t\t\t\t\t<img decoding=\"async\" width=\"495\" height=\"400\" src=\"https:\/\/2022.aniu.org.uy\/wp-content\/uploads\/2023\/04\/pag-historia.jpg\" class=\"attachment-full size-full wp-image-9527\" alt=\"\" \/>\t\t\t\t\t\t\t\t\t\t\t\t\t\t\t<\/div>\n\t\t\t\t<\/div>\n\t\t\t\t\t\t<\/div>\r\n\t\t\t\t<\/div>\r\n\t\t\t\t\t\t\t\t\t<div class=\" elementor-column elementor-col-50 elementor-top-column elementor-element elementor-element-1607454 \" data-id=\"1607454\" data-element_type=\"column\">\r\n\r\n\t\t\t\t\r\n\t\t\t\t<div class=\"elementor-widget-wrap elementor-element-populated\">\r\n\t\t\t\t\t\t\t\t\t\t\r\n\t\t\t\t\t\t<div class=\"elementor-element elementor-element-a31a544 elementor-invisible elementor-widget elementor-widget-udesign_widget_heading\" data-id=\"a31a544\" data-element_type=\"widget\" data-settings=\"{&quot;_animation&quot;:&quot;fadeInUpShorter&quot;,&quot;_animation_delay&quot;:600}\" data-widget_type=\"udesign_widget_heading.default\">\n\t\t\t\t<div class=\"elementor-widget-container\">\n\t\t\t\t\t<div class=\"title-wrapper  title-left\"><p class=\"title elementor-heading-title\">The National Academy of Engineering (ANIU) is a non-profit civil society, which was founded by a group of Uruguayan professionals.\n<br><br>\n\nThe first drafts of its statutes date from September 1964. However, the extraordinary general assembly of constitution was held on October 20, 1971 and the first act was signed by engineers Federico Capurro, Ponciano Torrado, Germ\u00e1n Villar, Eladio Dieste, Juan Maglia , Julio Ricaldoni, Agust\u00edn Maggi, Juan Patetta, Osvaldo Parrillo, Rodolfo Fonseca, Enrique Penad\u00e9s, Juan Molfino, Juana Pereyra, Oscar Maggiolo, Julio Roig, Augusto Hareau, Jos\u00e9 Fosalba and Rodolfo Arocena.\n<br><br>\nOn June 20, 1972, the Ministry of Education and Culture approved the statutes and granted legal status to the National Academy of Engineering, constituting its formal recognition.<\/p><\/div>\t\t\t\t<\/div>\n\t\t\t\t<\/div>\n\t\t\t\t\t\t<\/div>\r\n\t\t\t\t<\/div>\r\n\t\t\t\t\t\t\t\t<\/div>\r\n\t\t\t<\/section>\r\n\t\t\t\t\t<section class=\" elementor-section elementor-top-section elementor-element elementor-element-16793ae elementor-section-boxed elementor-section-height-default elementor-section-height-default smart-sticky-default\" data-id=\"16793ae\" data-element_type=\"section\" data-settings=\"{&quot;animation&quot;:&quot;none&quot;}\">\r\n\t\t\t\t\t\t\t\t<div class=\"elementor-container elementor-column-gap-default\">\r\n\t\t\t\t\r\n\t\t\t\t\t\t\t\t<div class=\" elementor-column elementor-col-100 elementor-top-column elementor-element elementor-element-d47185f \" data-id=\"d47185f\" data-element_type=\"column\">\r\n\r\n\t\t\t\t\r\n\t\t\t\t<div class=\"elementor-widget-wrap elementor-element-populated\">\r\n\t\t\t\t\t\t\t\t\t\t\r\n\t\t\t\t\t\t<div class=\"elementor-element elementor-element-1882289 elementor-invisible elementor-widget elementor-widget-udesign_widget_heading\" data-id=\"1882289\" data-element_type=\"widget\" data-settings=\"{&quot;_animation&quot;:&quot;fadeInLeftShorter&quot;,&quot;_animation_delay&quot;:400}\" data-widget_type=\"udesign_widget_heading.default\">\n\t\t\t\t<div class=\"elementor-widget-container\">\n\t\t\t\t\t<div class=\"title-wrapper  title-left\"><h3 class=\"title elementor-heading-title\">Goals<\/h3><\/div>\t\t\t\t<\/div>\n\t\t\t\t<\/div>\n\t\t\t\t<div class=\"elementor-element elementor-element-88a9d47 elementor-invisible elementor-widget elementor-widget-udesign_widget_heading\" data-id=\"88a9d47\" data-element_type=\"widget\" data-settings=\"{&quot;_animation&quot;:&quot;fadeInLeftShorter&quot;,&quot;_animation_delay&quot;:600}\" data-widget_type=\"udesign_widget_heading.default\">\n\t\t\t\t<div class=\"elementor-widget-container\">\n\t\t\t\t\t<div class=\"title-wrapper  title-left\"><p class=\"title elementor-heading-title\">At present, ANIU integrates engineers from all specialties, chosen by their peers based on their professional or academic trajectory.\n<br><br>\nIts main objective is to contribute to the progress and well-being of society, mainly through the dissemination of experiences and the generation of information that helps create new proposals on relevant topics in various fields of engineering.<\/p><\/div>\t\t\t\t<\/div>\n\t\t\t\t<\/div>\n\t\t\t\t\t\t<\/div>\r\n\t\t\t\t<\/div>\r\n\t\t\t\t\t\t\t\t<\/div>\r\n\t\t\t<\/section>\r\n\t\t\t\t\t<section class=\" elementor-section elementor-top-section elementor-element elementor-element-25e041d elementor-section-boxed elementor-section-height-default elementor-section-height-default smart-sticky-default\" data-id=\"25e041d\" data-element_type=\"section\">\r\n\t\t\t\t\t\t\t\t<div class=\"elementor-container elementor-column-gap-default\">\r\n\t\t\t\t\r\n\t\t\t\t\t\t\t\t<div class=\" elementor-column elementor-col-100 elementor-top-column elementor-element elementor-element-ddb8c6e \" data-id=\"ddb8c6e\" data-element_type=\"column\">\r\n\r\n\t\t\t\t\r\n\t\t\t\t<div class=\"elementor-widget-wrap elementor-element-populated\">\r\n\t\t\t\t\t\t\t\t\t\t\r\n\t\t\t\t\t\t<div class=\"elementor-element elementor-element-a6130dd elementor-invisible elementor-widget elementor-widget-udesign_widget_heading\" data-id=\"a6130dd\" data-element_type=\"widget\" data-settings=\"{&quot;_animation&quot;:&quot;fadeInLeftShorter&quot;,&quot;_animation_delay&quot;:400}\" data-widget_type=\"udesign_widget_heading.default\">\n\t\t\t\t<div class=\"elementor-widget-container\">\n\t\t\t\t\t<div class=\"title-wrapper  title-left\"><h3 class=\"title elementor-heading-title\">Activities<\/h3><\/div>\t\t\t\t<\/div>\n\t\t\t\t<\/div>\n\t\t\t\t<div class=\"elementor-element elementor-element-7035506 elementor-invisible elementor-widget elementor-widget-text-editor\" data-id=\"7035506\" data-element_type=\"widget\" data-settings=\"{&quot;_animation&quot;:&quot;fadeInLeftShorter&quot;,&quot;_animation_delay&quot;:600}\" data-widget_type=\"text-editor.default\">\n\t\t\t\t<div class=\"elementor-widget-container\">\n\t\t\t\t\t\t\t\t\t<p>To fulfill its mission, it organizes conferences and technical panels, sets up working groups, promotes and stimulates research, and awards prizes on specific topics.<\/p>\n<p>In fact, one of the most significant activities of the Academy is the annual Thesis and Final Paper Competition, where awards are given to the most outstanding undergraduate and graduate theses in all areas of engineering. The contest recognizes not only technical quality, but also innovative contents linked to the national reality.<\/p>\n<p>ANIU also works to promote the exchange of information and dialogue with society in relation to science and technology, and to position engineering in the development of the community.<\/p>\n\t\t\t\t\t\t\t\t<\/div>\n\t\t\t\t<\/div>\n\t\t\t\t<div class=\"elementor-element elementor-element-cacde9e elementor-invisible elementor-widget elementor-widget-udesign_widget_button\" data-id=\"cacde9e\" data-element_type=\"widget\" data-settings=\"{&quot;_animation&quot;:&quot;fadeInLeftShorter&quot;,&quot;_animation_delay&quot;:600}\" data-widget_type=\"udesign_widget_button.default\">\n\t\t\t\t<div class=\"elementor-widget-container\">\n\t\t\t\t\t<a class=\"btn btn-link btn-md btn-primary btn-icon btn-icon-right\" href=\"\/en\/board-of-directors\/\" ><span >Board of directors<\/span><i class=\"a-icon-long-arrow-right\"><\/i><\/a>\t\t\t\t<\/div>\n\t\t\t\t<\/div>\n\t\t\t\t<div class=\"elementor-element elementor-element-d350094 elementor-invisible elementor-widget elementor-widget-udesign_widget_button\" data-id=\"d350094\" data-element_type=\"widget\" data-settings=\"{&quot;_animation&quot;:&quot;fadeInLeftShorter&quot;,&quot;_animation_delay&quot;:600}\" data-widget_type=\"udesign_widget_button.default\">\n\t\t\t\t<div class=\"elementor-widget-container\">\n\t\t\t\t\t<a class=\"btn btn-link btn-md btn-primary btn-icon btn-icon-right\" href=\"\/en\/members-2\/\" ><span >Members<\/span><i class=\"a-icon-long-arrow-right\"><\/i><\/a>\t\t\t\t<\/div>\n\t\t\t\t<\/div>\n\t\t\t\t\t\t<\/div>\r\n\t\t\t\t<\/div>\r\n\t\t\t\t\t\t\t\t<\/div>\r\n\t\t\t<\/section>\r\n\t\t\t\t\t<section class=\" elementor-section elementor-top-section elementor-element elementor-element-dacd200 elementor-section-boxed elementor-section-height-default elementor-section-height-default smart-sticky-default\" data-id=\"dacd200\" data-element_type=\"section\">\r\n\t\t\t\t\t\t\t\t<div class=\"elementor-container elementor-column-gap-default\">\r\n\t\t\t\t\r\n\t\t\t\t\t\t\t\t<div class=\" elementor-column elementor-col-100 elementor-top-column elementor-element elementor-element-79727ff \" data-id=\"79727ff\" data-element_type=\"column\">\r\n\r\n\t\t\t\t\r\n\t\t\t\t<div class=\"elementor-widget-wrap elementor-element-populated\">\r\n\t\t\t\t\t\t\t\t\t\t\r\n\t\t\t\t\t\t<div class=\"elementor-element elementor-element-fb04377 elementor-widget elementor-widget-spacer\" data-id=\"fb04377\" data-element_type=\"widget\" data-widget_type=\"spacer.default\">\n\t\t\t\t<div class=\"elementor-widget-container\">\n\t\t\t\t\t\t\t<div class=\"elementor-spacer\">\n\t\t\t<div class=\"elementor-spacer-inner\"><\/div>\n\t\t<\/div>\n\t\t\t\t\t\t<\/div>\n\t\t\t\t<\/div>\n\t\t\t\t\t\t<\/div>\r\n\t\t\t\t<\/div>\r\n\t\t\t\t\t\t\t\t<\/div>\r\n\t\t\t<\/section>\r\n\t\t\t\t\t<\/div>\n\t\t","protected":false},"excerpt":{"rendered":"<p>About us History Home The National Academy of Engineering (ANIU) is a non-profit civil society, which was founded by a group of Uruguayan professionals. The first drafts of its statutes date from September 1964. However, the extraordinary general assembly of constitution was held on October 20, 1971 and the first act was signed by engineers [&hellip;]<\/p>\n","protected":false},"author":1,"featured_media":0,"parent":0,"menu_order":0,"comment_status":"closed","ping_status":"closed","template":"","meta":{"footnotes":""},"class_list":["post-9838","page","type-page","status-publish","hentry"],"aioseo_notices":[],"_links":{"self":[{"href":"https:\/\/2022.aniu.org.uy\/en\/wp-json\/wp\/v2\/pages\/9838","targetHints":{"allow":["GET"]}}],"collection":[{"href":"https:\/\/2022.aniu.org.uy\/en\/wp-json\/wp\/v2\/pages"}],"about":[{"href":"https:\/\/2022.aniu.org.uy\/en\/wp-json\/wp\/v2\/types\/page"}],"author":[{"embeddable":true,"href":"https:\/\/2022.aniu.org.uy\/en\/wp-json\/wp\/v2\/users\/1"}],"replies":[{"embeddable":true,"href":"https:\/\/2022.aniu.org.uy\/en\/wp-json\/wp\/v2\/comments?post=9838"}],"version-history":[{"count":0,"href":"https:\/\/2022.aniu.org.uy\/en\/wp-json\/wp\/v2\/pages\/9838\/revisions"}],"wp:attachment":[{"href":"https:\/\/2022.aniu.org.uy\/en\/wp-json\/wp\/v2\/media?parent=9838"}],"curies":[{"name":"wp","href":"https:\/\/api.w.org\/{rel}","templated":true}]}}