{"id":9835,"date":"2023-02-03T15:21:07","date_gmt":"2023-02-03T18:21:07","guid":{"rendered":"https:\/\/2022.aniu.org.uy\/documents\/"},"modified":"2023-05-05T16:38:25","modified_gmt":"2023-05-05T19:38:25","slug":"documents","status":"publish","type":"page","link":"https:\/\/2022.aniu.org.uy\/en\/documents\/","title":{"rendered":"Documents"},"content":{"rendered":"\t\t<div data-elementor-type=\"wp-page\" data-elementor-id=\"9835\" class=\"elementor elementor-9835 elementor-6409\">\n\t\t\t\t\t\t<div class=\" elementor-section elementor-top-section elementor-element elementor-element-79588db elementor-section-full_width overflow-hidden alpha-section-stretched elementor-section-height-default elementor-section-height-default smart-sticky-default\" data-id=\"79588db\" data-element_type=\"section\" data-settings=\"{&quot;animation&quot;:&quot;none&quot;}\">\r\n\t\t\t\t\t\t\t\t<!-- Begin .elementor-container -->\r\n\t\t\t\t\t<div class=\"elementor-container elementor-column-gap-no  banner banner-fixed \">\r\n\t\t\t\t\r\n\t\t\t\t\t\t\t\t\t<figure class=\"banner-img\">\r\n\t\t\t\t\t\t<img fetchpriority=\"high\" decoding=\"async\" width=\"1920\" height=\"970\" src=\"https:\/\/2022.aniu.org.uy\/wp-content\/uploads\/2023\/05\/banner-documentos-2.jpg\" class=\"attachment-full size-full\" alt=\"\" style=\"background-color:#333333\" srcset=\"https:\/\/2022.aniu.org.uy\/wp-content\/uploads\/2023\/05\/banner-documentos-2.jpg 1920w, https:\/\/2022.aniu.org.uy\/wp-content\/uploads\/2023\/05\/banner-documentos-2-1024x517.jpg 1024w, https:\/\/2022.aniu.org.uy\/wp-content\/uploads\/2023\/05\/banner-documentos-2-768x388.jpg 768w, https:\/\/2022.aniu.org.uy\/wp-content\/uploads\/2023\/05\/banner-documentos-2-1536x776.jpg 1536w\" sizes=\"(max-width: 1920px) 100vw, 1920px\" \/>\t\t\t\t\t<\/figure>\r\n\t\t\t\t\t\t\t\t\t\t<div class=\" banner-content t-mc elementor-column elementor-col-100 elementor-top-column elementor-element elementor-element-0761016 elementor-invisible \" data-id=\"0761016\" data-element_type=\"column\" data-settings=\"{&quot;background_background&quot;:&quot;classic&quot;,&quot;animation&quot;:&quot;fadeIn&quot;}\">\r\n\r\n\t\t\t\t\r\n\t\t\t\t<div class=\"elementor-widget-wrap elementor-element-populated\">\r\n\t\t\t\t\t\t\t\t\t\t\r\n\t\t\t\t\t\t<div class=\"elementor-element elementor-element-d1367f5 elementor-hidden-desktop elementor-hidden-tablet elementor-hidden-mobile elementor-invisible elementor-widget elementor-widget-heading\" data-id=\"d1367f5\" data-element_type=\"widget\" data-settings=\"{&quot;_animation&quot;:&quot;fadeInDownShorter&quot;}\" data-widget_type=\"heading.default\">\n\t\t\t\t<div class=\"elementor-widget-container\">\n\t\t\t\t\t<h3 class=\"elementor-heading-title elementor-size-default\">\u00daltimos<\/h3>\t\t\t\t<\/div>\n\t\t\t\t<\/div>\n\t\t\t\t<div class=\"elementor-element elementor-element-78fd575 ms-auto me-auto elementor-widget__width-initial elementor-widget-mobile__width-initial elementor-invisible elementor-widget elementor-widget-heading\" data-id=\"78fd575\" data-element_type=\"widget\" data-settings=\"{&quot;_animation&quot;:&quot;fadeInDownShorter&quot;}\" data-widget_type=\"heading.default\">\n\t\t\t\t<div class=\"elementor-widget-container\">\n\t\t\t\t\t<h1 class=\"elementor-heading-title elementor-size-default\">Last documents<\/h1>\t\t\t\t<\/div>\n\t\t\t\t<\/div>\n\t\t\t\t\t\t<\/div>\r\n\t\t\t\t<\/div>\r\n\t\t\t\t\t\t\t\t\t<\/div><!-- End .elementor-container -->\r\n\t\t\t\t\t\t\t\t<\/div>\r\n\t\t\t\t\t\t<section class=\" elementor-section elementor-top-section elementor-element elementor-element-52ee8d7 elementor-section-full_width elementor-section-height-default elementor-section-height-default smart-sticky-default\" data-id=\"52ee8d7\" data-element_type=\"section\">\r\n\t\t\t\t\t\t\t\t<div class=\"elementor-container elementor-column-gap-default\">\r\n\t\t\t\t\r\n\t\t\t\t\t\t\t\t<div class=\" elementor-column elementor-col-100 elementor-top-column elementor-element elementor-element-ef4e7ea \" data-id=\"ef4e7ea\" data-element_type=\"column\">\r\n\r\n\t\t\t\t\r\n\t\t\t\t<div class=\"elementor-widget-wrap elementor-element-populated\">\r\n\t\t\t\t\t\t\t\t\t\t\r\n\t\t\t\t\t\t<div class=\"elementor-element elementor-element-dbf8261 elementor-widget elementor-widget-udesign_widget_breadcrumb\" data-id=\"dbf8261\" data-element_type=\"widget\" data-widget_type=\"udesign_widget_breadcrumb.default\">\n\t\t\t\t<div class=\"elementor-widget-container\">\n\t\t\t\t\t<ul class=\"breadcrumb\"><li><a href=\"https:\/\/2022.aniu.org.uy\/en\/\" aria-label=\"Breadcrumb\">Home<\/a><\/li><\/ul><script type=\"application\/ld+json\">{\"@context\":\"https:\\\/\\\/schema.org\\\/\",\"@type\":\"BreadcrumbList\",\"itemListElement\":[{\"@type\":\"ListItem\",\"position\":1,\"item\":{\"name\":\"Home\",\"@id\":\"https:\\\/\\\/2022.aniu.org.uy\\\/en\\\/\"}}]}<\/script>\t\t\t\t<\/div>\n\t\t\t\t<\/div>\n\t\t\t\t\t\t<\/div>\r\n\t\t\t\t<\/div>\r\n\t\t\t\t\t\t\t\t<\/div>\r\n\t\t\t<\/section>\r\n\t\t\t\t\t<section class=\" elementor-section elementor-top-section elementor-element elementor-element-2a1ba21 alpha-section-stretched breadcrumb-wrap elementor-section-full_width elementor-section-height-default elementor-section-height-default smart-sticky-default\" data-id=\"2a1ba21\" data-element_type=\"section\">\r\n\t\t\t\t\t\t\t\t<div class=\"elementor-container elementor-column-gap-default\">\r\n\t\t\t\t\r\n\t\t\t\t\t\t\t\t<div class=\" elementor-column elementor-col-100 elementor-top-column elementor-element elementor-element-2612fba \" data-id=\"2612fba\" data-element_type=\"column\">\r\n\r\n\t\t\t\t\r\n\t\t\t\t<div class=\"elementor-widget-wrap\">\r\n\t\t\t\t\t\t\t\t\t\t\r\n\t\t\t\t\t\t\t\t<\/div>\r\n\t\t\t\t<\/div>\r\n\t\t\t\t\t\t\t\t<\/div>\r\n\t\t\t<\/section>\r\n\t\t\t\t\t<section class=\" elementor-section elementor-top-section elementor-element elementor-element-fca81a9 elementor-section-boxed elementor-section-height-default elementor-section-height-default smart-sticky-default\" data-id=\"fca81a9\" data-element_type=\"section\">\r\n\t\t\t\t\t\t\t\t<div class=\"elementor-container elementor-column-gap-default\">\r\n\t\t\t\t\r\n\t\t\t\t\t\t\t\t<div class=\" elementor-column elementor-col-100 elementor-top-column elementor-element elementor-element-8151636 \" data-id=\"8151636\" data-element_type=\"column\">\r\n\r\n\t\t\t\t\r\n\t\t\t\t<div class=\"elementor-widget-wrap elementor-element-populated\">\r\n\t\t\t\t\t\t\t\t\t\t\r\n\t\t\t\t\t\t<div class=\"elementor-element elementor-element-eea121e elementor-widget elementor-widget-spacer\" data-id=\"eea121e\" data-element_type=\"widget\" data-widget_type=\"spacer.default\">\n\t\t\t\t<div class=\"elementor-widget-container\">\n\t\t\t\t\t\t\t<div class=\"elementor-spacer\">\n\t\t\t<div class=\"elementor-spacer-inner\"><\/div>\n\t\t<\/div>\n\t\t\t\t\t\t<\/div>\n\t\t\t\t<\/div>\n\t\t\t\t\t\t<\/div>\r\n\t\t\t\t<\/div>\r\n\t\t\t\t\t\t\t\t<\/div>\r\n\t\t\t<\/section>\r\n\t\t\t\t\t<section class=\" elementor-section elementor-top-section elementor-element elementor-element-1dfe76f elementor-section-boxed elementor-section-height-default elementor-section-height-default smart-sticky-default\" data-id=\"1dfe76f\" data-element_type=\"section\">\r\n\t\t\t\t\t\t\t\t<div class=\"elementor-container elementor-column-gap-default\">\r\n\t\t\t\t\r\n\t\t\t\t\t\t\t\t<div class=\" elementor-column elementor-col-100 elementor-top-column elementor-element elementor-element-6092a8d \" data-id=\"6092a8d\" data-element_type=\"column\">\r\n\r\n\t\t\t\t\r\n\t\t\t\t<div class=\"elementor-widget-wrap elementor-element-populated\">\r\n\t\t\t\t\t\t\t\t\t\t\r\n\t\t\t\t\t\t<div class=\"elementor-element elementor-element-dded4b5 elementor-widget elementor-widget-udesign_widget_portfolios\" data-id=\"dded4b5\" data-element_type=\"widget\" data-widget_type=\"udesign_widget_portfolios.default\">\n\t\t\t\t<div class=\"elementor-widget-container\">\n\t\t\t\t\t<div class=\"posts portfolios  row cols-lg-3 cols-md-3 cols-sm-2 cols-2 cols-xl-3 gallery-popup-container posts portfolios row cols-lg-3 cols-md-3 cols-sm-2 cols-2 cols-xl-3\" data-post-type=\"card\">\r\n<div class=\"post-wrap \" data-post-image=\"medium_large\">\r\n\r\n\t\r\n\t<article class=\"post-11266 udesign_portfolio type-udesign_portfolio status-publish has-post-thumbnail hentry udesign_portfolio_category-documentos-en udesign_portfolio_category-documentos udesign_portfolio_category-ultimos-documentos udesign_portfolio_category-ultimos-documentos-en rollover-container post  portfolio-card\">\r\n\t\t\t\t\t<figure class=\"post-media\">\r\n\t\t\t\t<img decoding=\"async\" width=\"768\" height=\"550\" src=\"https:\/\/2022.aniu.org.uy\/wp-content\/uploads\/2023\/08\/resumen-final-del-proyecto-sobre-education-stem-en-uruguay_documento-768x550.jpg\" class=\"attachment-medium_large size-medium_large wp-post-image\" alt=\"La educaci\u00f3n STEM en Uruguay: Desaf\u00edo de todos - Resumen consolidado final\" \/><div class=\"rollover\"><a href=\"https:\/\/2022.aniu.org.uy\/en\/documentos\/la-educacion-stem-en-uruguay-desafio-de-todos-resumen-consolidado-final\/\" aria-label=\"Visit\" class=\"rollover-link-wrapper\"><\/a><div class=\"rollover-content\"><a href=\"https:\/\/2022.aniu.org.uy\/en\/documentos\/la-educacion-stem-en-uruguay-desafio-de-todos-resumen-consolidado-final\/\" class=\"rollover-link-wrapper\" aria-label=\"Rollover Link\"><\/a><\/div><\/div>\t\t\t<\/figure>\r\n\t\t\t<div class=\"post-details\">\r\n\t<div class=\"post-cats\"><a href=\"https:\/\/2022.aniu.org.uy\/en\/documentos_cat\/documentos-en\/\" rel=\"tag\">Documentos<\/a>, <a href=\"https:\/\/2022.aniu.org.uy\/documentos_cat\/documentos\/\" rel=\"tag\">Documentos<\/a>, <a href=\"https:\/\/2022.aniu.org.uy\/documentos_cat\/ultimos-documentos\/\" rel=\"tag\">\u00daltimos documentos<\/a>, <a href=\"https:\/\/2022.aniu.org.uy\/en\/documentos_cat\/ultimos-documentos-en\/\" rel=\"tag\">\u00daltimos documentos<\/a><\/div><h3 class=\"post-title\">\r\n\t<a href=\"https:\/\/2022.aniu.org.uy\/en\/documentos\/la-educacion-stem-en-uruguay-desafio-de-todos-resumen-consolidado-final\/\">\r\n\t\tLa educaci\u00f3n STEM en Uruguay: Desaf\u00edo de todos \u2013 Resumen consolidado final\t<\/a>\r\n<\/h3>\r\n<\/div>\r\n\t<\/article>\r\n\r\n\t\r\n<\/div>\r\n\r\n\r\n<div class=\"post-wrap \" data-post-image=\"medium_large\">\r\n\r\n\t\r\n\t<article class=\"post-11272 udesign_portfolio type-udesign_portfolio status-publish has-post-thumbnail hentry udesign_portfolio_category-documentos-en udesign_portfolio_category-documentos udesign_portfolio_category-ultimos-documentos udesign_portfolio_category-ultimos-documentos-en rollover-container post  portfolio-card\">\r\n\t\t\t\t\t<figure class=\"post-media\">\r\n\t\t\t\t<img decoding=\"async\" width=\"768\" height=\"550\" src=\"https:\/\/2022.aniu.org.uy\/wp-content\/uploads\/2023\/08\/informe-final-de-la-segunda-etapa-del-proyecto-education-stem-en-uruguay_documento-768x550.jpg\" class=\"attachment-medium_large size-medium_large wp-post-image\" alt=\"La educaci\u00f3n STEM en Uruguay: Desaf\u00edo de todos - Segunda etapa: Entrevistas y Propuestas (Informe final)\" \/><div class=\"rollover\"><a href=\"https:\/\/2022.aniu.org.uy\/en\/documentos\/la-educacion-stem-en-uruguay-desafio-de-todos-segunda-etapa-entrevistas-y-propuestas-informe-final\/\" aria-label=\"Visit\" class=\"rollover-link-wrapper\"><\/a><div class=\"rollover-content\"><a href=\"https:\/\/2022.aniu.org.uy\/en\/documentos\/la-educacion-stem-en-uruguay-desafio-de-todos-segunda-etapa-entrevistas-y-propuestas-informe-final\/\" class=\"rollover-link-wrapper\" aria-label=\"Rollover Link\"><\/a><\/div><\/div>\t\t\t<\/figure>\r\n\t\t\t<div class=\"post-details\">\r\n\t<div class=\"post-cats\"><a href=\"https:\/\/2022.aniu.org.uy\/en\/documentos_cat\/documentos-en\/\" rel=\"tag\">Documentos<\/a>, <a href=\"https:\/\/2022.aniu.org.uy\/documentos_cat\/documentos\/\" rel=\"tag\">Documentos<\/a>, <a href=\"https:\/\/2022.aniu.org.uy\/documentos_cat\/ultimos-documentos\/\" rel=\"tag\">\u00daltimos documentos<\/a>, <a href=\"https:\/\/2022.aniu.org.uy\/en\/documentos_cat\/ultimos-documentos-en\/\" rel=\"tag\">\u00daltimos documentos<\/a><\/div><h3 class=\"post-title\">\r\n\t<a href=\"https:\/\/2022.aniu.org.uy\/en\/documentos\/la-educacion-stem-en-uruguay-desafio-de-todos-segunda-etapa-entrevistas-y-propuestas-informe-final\/\">\r\n\t\tLa educaci\u00f3n STEM en Uruguay: Desaf\u00edo de todos \u2013 Segunda etapa: Entrevistas y Propuestas (Informe final)\t<\/a>\r\n<\/h3>\r\n<\/div>\r\n\t<\/article>\r\n\r\n\t\r\n<\/div>\r\n\r\n\r\n<div class=\"post-wrap \" data-post-image=\"medium_large\">\r\n\r\n\t\r\n\t<article class=\"post-11667 udesign_portfolio type-udesign_portfolio status-publish has-post-thumbnail hentry udesign_portfolio_category-ultimos-documentos rollover-container post  portfolio-card\">\r\n\t\t\t\t\t<figure class=\"post-media\">\r\n\t\t\t\t<img loading=\"lazy\" decoding=\"async\" width=\"768\" height=\"550\" src=\"https:\/\/2022.aniu.org.uy\/wp-content\/uploads\/2025\/02\/articulo-el-cambio-climatico-y-su-impacto-en-uruguay-768x550.jpg\" class=\"attachment-medium_large size-medium_large wp-post-image\" alt=\"Notas sobre el Cambio de Clima, Extremos Clim\u00e1ticos y Adaptaci\u00f3n con Referencia a Uruguay\" \/><div class=\"rollover\"><a href=\"https:\/\/2022.aniu.org.uy\/en\/documentos\/notas-sobre-el-cambio-de-clima-extremos-climaticos-y-adaptacion-con-referencia-a-uruguay\/\" aria-label=\"Visit\" class=\"rollover-link-wrapper\"><\/a><div class=\"rollover-content\"><a href=\"https:\/\/2022.aniu.org.uy\/en\/documentos\/notas-sobre-el-cambio-de-clima-extremos-climaticos-y-adaptacion-con-referencia-a-uruguay\/\" class=\"rollover-link-wrapper\" aria-label=\"Rollover Link\"><\/a><\/div><\/div>\t\t\t<\/figure>\r\n\t\t\t<div class=\"post-details\">\r\n\t<div class=\"post-cats\"><a href=\"https:\/\/2022.aniu.org.uy\/documentos_cat\/ultimos-documentos\/\" rel=\"tag\">\u00daltimos documentos<\/a><\/div><h3 class=\"post-title\">\r\n\t<a href=\"https:\/\/2022.aniu.org.uy\/en\/documentos\/notas-sobre-el-cambio-de-clima-extremos-climaticos-y-adaptacion-con-referencia-a-uruguay\/\">\r\n\t\tNotas sobre el Cambio de Clima, Extremos Clim\u00e1ticos y Adaptaci\u00f3n con Referencia a Uruguay\t<\/a>\r\n<\/h3>\r\n<\/div>\r\n\t<\/article>\r\n\r\n\t\r\n<\/div>\r\n\r\n\r\n<div class=\"post-wrap \" data-post-image=\"medium_large\">\r\n\r\n\t\r\n\t<article class=\"post-12008 udesign_portfolio type-udesign_portfolio status-publish has-post-thumbnail hentry udesign_portfolio_category-documentos-en udesign_portfolio_category-documentos udesign_portfolio_category-ultimos-documentos udesign_portfolio_category-ultimos-documentos-en rollover-container post  portfolio-card\">\r\n\t\t\t\t\t<figure class=\"post-media\">\r\n\t\t\t\t<img loading=\"lazy\" decoding=\"async\" width=\"768\" height=\"550\" src=\"https:\/\/2022.aniu.org.uy\/wp-content\/uploads\/2026\/02\/ensenanza-de-la-matematica-en-uruguay-algunas-reflexiones-768x550.jpg\" class=\"attachment-medium_large size-medium_large wp-post-image\" alt=\"Ense\u00f1anza de la Matem\u00e1tica en Uruguay: algunas reflexiones\" \/><div class=\"rollover\"><a href=\"https:\/\/2022.aniu.org.uy\/en\/documentos\/mathematics-education-in-uruguay-some-reflections\/\" aria-label=\"Visit\" class=\"rollover-link-wrapper\"><\/a><div class=\"rollover-content\"><a href=\"https:\/\/2022.aniu.org.uy\/en\/documentos\/mathematics-education-in-uruguay-some-reflections\/\" class=\"rollover-link-wrapper\" aria-label=\"Rollover Link\"><\/a><\/div><\/div>\t\t\t<\/figure>\r\n\t\t\t<div class=\"post-details\">\r\n\t<div class=\"post-cats\"><a href=\"https:\/\/2022.aniu.org.uy\/en\/documentos_cat\/documentos-en\/\" rel=\"tag\">Documentos<\/a>, <a href=\"https:\/\/2022.aniu.org.uy\/documentos_cat\/documentos\/\" rel=\"tag\">Documentos<\/a>, <a href=\"https:\/\/2022.aniu.org.uy\/documentos_cat\/ultimos-documentos\/\" rel=\"tag\">\u00daltimos documentos<\/a>, <a href=\"https:\/\/2022.aniu.org.uy\/en\/documentos_cat\/ultimos-documentos-en\/\" rel=\"tag\">\u00daltimos documentos<\/a><\/div><h3 class=\"post-title\">\r\n\t<a href=\"https:\/\/2022.aniu.org.uy\/en\/documentos\/mathematics-education-in-uruguay-some-reflections\/\">\r\n\t\tMathematics education in Uruguay: some reflections\t<\/a>\r\n<\/h3>\r\n<\/div>\r\n\t<\/article>\r\n\r\n\t\r\n<\/div>\r\n\r\n<\/div>\t\t\t\t<\/div>\n\t\t\t\t<\/div>\n\t\t\t\t\t\t<\/div>\r\n\t\t\t\t<\/div>\r\n\t\t\t\t\t\t\t\t<\/div>\r\n\t\t\t<\/section>\r\n\t\t\t\t\t<section class=\" elementor-section elementor-top-section elementor-element elementor-element-2469b7d elementor-section-boxed elementor-section-height-default elementor-section-height-default smart-sticky-default\" data-id=\"2469b7d\" data-element_type=\"section\">\r\n\t\t\t\t\t\t\t\t<div class=\"elementor-container elementor-column-gap-default\">\r\n\t\t\t\t\r\n\t\t\t\t\t\t\t\t<div class=\" elementor-column elementor-col-100 elementor-top-column elementor-element elementor-element-1563e32 \" data-id=\"1563e32\" data-element_type=\"column\">\r\n\r\n\t\t\t\t\r\n\t\t\t\t<div class=\"elementor-widget-wrap elementor-element-populated\">\r\n\t\t\t\t\t\t\t\t\t\t\r\n\t\t\t\t\t\t<div class=\"elementor-element elementor-element-5761759 elementor-widget elementor-widget-spacer\" data-id=\"5761759\" data-element_type=\"widget\" data-widget_type=\"spacer.default\">\n\t\t\t\t<div class=\"elementor-widget-container\">\n\t\t\t\t\t\t\t<div class=\"elementor-spacer\">\n\t\t\t<div class=\"elementor-spacer-inner\"><\/div>\n\t\t<\/div>\n\t\t\t\t\t\t<\/div>\n\t\t\t\t<\/div>\n\t\t\t\t\t\t<\/div>\r\n\t\t\t\t<\/div>\r\n\t\t\t\t\t\t\t\t<\/div>\r\n\t\t\t<\/section>\r\n\t\t\t\t\t<\/div>\n\t\t","protected":false},"excerpt":{"rendered":"<p>\u00daltimos Last documents Home \u00daltimos documentos Producci\u00f3n forestal en el Uruguay: balance y perspectivas \u00daltimos documentos Competencias y criterios internacionales para carreras de ingenier\u00eda Documentos, \u00daltimos documentos Mesa redonda: Ciberseguridad \u2013 perspectivas y desaf\u00edos para la sociedad Documentos, \u00daltimos documentos Procesamiento y an\u00e1lisis de im\u00e1genes para seguridad p\u00fablica Documentos, \u00daltimos documentos Mesa redonda: Hidrocarburos en [&hellip;]<\/p>\n","protected":false},"author":1,"featured_media":0,"parent":0,"menu_order":0,"comment_status":"closed","ping_status":"closed","template":"","meta":{"footnotes":""},"class_list":["post-9835","page","type-page","status-publish","hentry"],"aioseo_notices":[],"_links":{"self":[{"href":"https:\/\/2022.aniu.org.uy\/en\/wp-json\/wp\/v2\/pages\/9835","targetHints":{"allow":["GET"]}}],"collection":[{"href":"https:\/\/2022.aniu.org.uy\/en\/wp-json\/wp\/v2\/pages"}],"about":[{"href":"https:\/\/2022.aniu.org.uy\/en\/wp-json\/wp\/v2\/types\/page"}],"author":[{"embeddable":true,"href":"https:\/\/2022.aniu.org.uy\/en\/wp-json\/wp\/v2\/users\/1"}],"replies":[{"embeddable":true,"href":"https:\/\/2022.aniu.org.uy\/en\/wp-json\/wp\/v2\/comments?post=9835"}],"version-history":[{"count":0,"href":"https:\/\/2022.aniu.org.uy\/en\/wp-json\/wp\/v2\/pages\/9835\/revisions"}],"wp:attachment":[{"href":"https:\/\/2022.aniu.org.uy\/en\/wp-json\/wp\/v2\/media?parent=9835"}],"curies":[{"name":"wp","href":"https:\/\/api.w.org\/{rel}","templated":true}]}}