{"id":9822,"date":"2023-03-10T17:47:31","date_gmt":"2023-03-10T20:47:31","guid":{"rendered":"https:\/\/2022.aniu.org.uy\/board-of-directors\/"},"modified":"2023-05-05T09:12:37","modified_gmt":"2023-05-05T12:12:37","slug":"board-of-directors","status":"publish","type":"page","link":"https:\/\/2022.aniu.org.uy\/en\/board-of-directors\/","title":{"rendered":"Board of directors"},"content":{"rendered":"\t\t<div data-elementor-type=\"wp-page\" data-elementor-id=\"9822\" class=\"elementor elementor-9822 elementor-7311\">\n\t\t\t\t\t\t<div class=\" elementor-section elementor-top-section elementor-element elementor-element-8513f52 elementor-section-full_width overflow-hidden alpha-section-stretched elementor-section-height-default elementor-section-height-default smart-sticky-default\" data-id=\"8513f52\" data-element_type=\"section\" data-settings=\"{&quot;animation&quot;:&quot;none&quot;}\">\r\n\t\t\t\t\t\t\t\t<!-- Begin .elementor-container -->\r\n\t\t\t\t\t<div class=\"elementor-container elementor-column-gap-no  banner banner-fixed \">\r\n\t\t\t\t\r\n\t\t\t\t\t\t\t\t\t<figure class=\"banner-img\">\r\n\t\t\t\t\t\t<img fetchpriority=\"high\" decoding=\"async\" width=\"1920\" height=\"970\" src=\"https:\/\/2022.aniu.org.uy\/wp-content\/uploads\/2023\/05\/banner-consejo-directivo.jpg\" class=\"attachment-full size-full\" alt=\"\" style=\"background-color:#333333\" srcset=\"https:\/\/2022.aniu.org.uy\/wp-content\/uploads\/2023\/05\/banner-consejo-directivo.jpg 1920w, https:\/\/2022.aniu.org.uy\/wp-content\/uploads\/2023\/05\/banner-consejo-directivo-1024x517.jpg 1024w, https:\/\/2022.aniu.org.uy\/wp-content\/uploads\/2023\/05\/banner-consejo-directivo-768x388.jpg 768w, https:\/\/2022.aniu.org.uy\/wp-content\/uploads\/2023\/05\/banner-consejo-directivo-1536x776.jpg 1536w\" sizes=\"(max-width: 1920px) 100vw, 1920px\" \/>\t\t\t\t\t<\/figure>\r\n\t\t\t\t\t\t\t\t\t\t<div class=\" banner-content t-mc elementor-column elementor-col-100 elementor-top-column elementor-element elementor-element-dfc7b98 elementor-invisible \" data-id=\"dfc7b98\" data-element_type=\"column\" data-settings=\"{&quot;background_background&quot;:&quot;classic&quot;,&quot;animation&quot;:&quot;fadeIn&quot;}\">\r\n\r\n\t\t\t\t\r\n\t\t\t\t<div class=\"elementor-widget-wrap elementor-element-populated\">\r\n\t\t\t\t\t\t\t\t\t\t\r\n\t\t\t\t\t\t<div class=\"elementor-element elementor-element-b0c1ffd elementor-hidden-desktop elementor-hidden-tablet elementor-hidden-mobile elementor-invisible elementor-widget elementor-widget-heading\" data-id=\"b0c1ffd\" data-element_type=\"widget\" data-settings=\"{&quot;_animation&quot;:&quot;fadeInDownShorter&quot;}\" data-widget_type=\"heading.default\">\n\t\t\t\t<div class=\"elementor-widget-container\">\n\t\t\t\t\t<h3 class=\"elementor-heading-title elementor-size-default\">Sobre la Academia<\/h3>\t\t\t\t<\/div>\n\t\t\t\t<\/div>\n\t\t\t\t<div class=\"elementor-element elementor-element-e1fb951 ms-auto me-auto elementor-widget__width-initial elementor-widget-mobile__width-initial elementor-invisible elementor-widget elementor-widget-heading\" data-id=\"e1fb951\" data-element_type=\"widget\" data-settings=\"{&quot;_animation&quot;:&quot;fadeInDownShorter&quot;}\" data-widget_type=\"heading.default\">\n\t\t\t\t<div class=\"elementor-widget-container\">\n\t\t\t\t\t<h1 class=\"elementor-heading-title elementor-size-default\">Board of directors<\/h1>\t\t\t\t<\/div>\n\t\t\t\t<\/div>\n\t\t\t\t\t\t<\/div>\r\n\t\t\t\t<\/div>\r\n\t\t\t\t\t\t\t\t\t<\/div><!-- End .elementor-container -->\r\n\t\t\t\t\t\t\t\t<\/div>\r\n\t\t\t\t\t\t<section class=\" elementor-section elementor-top-section elementor-element elementor-element-1490462 elementor-section-full_width elementor-section-height-default elementor-section-height-default smart-sticky-default\" data-id=\"1490462\" data-element_type=\"section\">\r\n\t\t\t\t\t\t\t\t<div class=\"elementor-container elementor-column-gap-default\">\r\n\t\t\t\t\r\n\t\t\t\t\t\t\t\t<div class=\" elementor-column elementor-col-100 elementor-top-column elementor-element elementor-element-e4e8683 \" data-id=\"e4e8683\" data-element_type=\"column\">\r\n\r\n\t\t\t\t\r\n\t\t\t\t<div class=\"elementor-widget-wrap elementor-element-populated\">\r\n\t\t\t\t\t\t\t\t\t\t\r\n\t\t\t\t\t\t<div class=\"elementor-element elementor-element-f5f09fb elementor-widget elementor-widget-udesign_widget_breadcrumb\" data-id=\"f5f09fb\" data-element_type=\"widget\" data-widget_type=\"udesign_widget_breadcrumb.default\">\n\t\t\t\t<div class=\"elementor-widget-container\">\n\t\t\t\t\t<ul class=\"breadcrumb\"><li><a href=\"https:\/\/2022.aniu.org.uy\/en\/\" aria-label=\"Breadcrumb\">Home<\/a><\/li><\/ul><script type=\"application\/ld+json\">{\"@context\":\"https:\\\/\\\/schema.org\\\/\",\"@type\":\"BreadcrumbList\",\"itemListElement\":[{\"@type\":\"ListItem\",\"position\":1,\"item\":{\"name\":\"Home\",\"@id\":\"https:\\\/\\\/2022.aniu.org.uy\\\/en\\\/\"}}]}<\/script>\t\t\t\t<\/div>\n\t\t\t\t<\/div>\n\t\t\t\t\t\t<\/div>\r\n\t\t\t\t<\/div>\r\n\t\t\t\t\t\t\t\t<\/div>\r\n\t\t\t<\/section>\r\n\t\t\t\t\t<section class=\" elementor-section elementor-top-section elementor-element elementor-element-336d910 elementor-section-full_width alpha-section-stretched breadcrumb-wrap elementor-section-height-default elementor-section-height-default smart-sticky-default\" data-id=\"336d910\" data-element_type=\"section\">\r\n\t\t\t\t\t\t\t\t<div class=\"elementor-container elementor-column-gap-default\">\r\n\t\t\t\t\r\n\t\t\t\t\t\t\t\t<div class=\" elementor-column elementor-col-100 elementor-top-column elementor-element elementor-element-cb7f041 \" data-id=\"cb7f041\" data-element_type=\"column\">\r\n\r\n\t\t\t\t\r\n\t\t\t\t<div class=\"elementor-widget-wrap\">\r\n\t\t\t\t\t\t\t\t\t\t\r\n\t\t\t\t\t\t\t\t<\/div>\r\n\t\t\t\t<\/div>\r\n\t\t\t\t\t\t\t\t<\/div>\r\n\t\t\t<\/section>\r\n\t\t\t\t\t<section class=\" elementor-section elementor-top-section elementor-element elementor-element-af08471 elementor-section-boxed elementor-section-height-default elementor-section-height-default smart-sticky-default\" data-id=\"af08471\" data-element_type=\"section\">\r\n\t\t\t\t\t\t\t\t<div class=\"elementor-container elementor-column-gap-default\">\r\n\t\t\t\t\r\n\t\t\t\t\t\t\t\t<div class=\" elementor-column elementor-col-100 elementor-top-column elementor-element elementor-element-da5f776 \" data-id=\"da5f776\" data-element_type=\"column\">\r\n\r\n\t\t\t\t\r\n\t\t\t\t<div class=\"elementor-widget-wrap elementor-element-populated\">\r\n\t\t\t\t\t\t\t\t\t\t\r\n\t\t\t\t\t\t<div class=\"elementor-element elementor-element-ee1b3fe elementor-widget elementor-widget-spacer\" data-id=\"ee1b3fe\" data-element_type=\"widget\" data-widget_type=\"spacer.default\">\n\t\t\t\t<div class=\"elementor-widget-container\">\n\t\t\t\t\t\t\t<div class=\"elementor-spacer\">\n\t\t\t<div class=\"elementor-spacer-inner\"><\/div>\n\t\t<\/div>\n\t\t\t\t\t\t<\/div>\n\t\t\t\t<\/div>\n\t\t\t\t\t\t<\/div>\r\n\t\t\t\t<\/div>\r\n\t\t\t\t\t\t\t\t<\/div>\r\n\t\t\t<\/section>\r\n\t\t\t\t\t<div class=\" elementor-section elementor-top-section elementor-element elementor-element-b8f5a19 mb-10 pb-7 elementor-section-boxed elementor-section-height-default elementor-section-height-default smart-sticky-default\" data-id=\"b8f5a19\" data-element_type=\"section\">\r\n\t\t\t\t\t\t\t\t<div class=\"elementor-container elementor-column-gap-default\">\r\n\t\t\t\t\r\n\t\t\t\t\t\t\t\t<div class=\" elementor-column elementor-col-100 elementor-top-column elementor-element elementor-element-5a012ed \" data-id=\"5a012ed\" data-element_type=\"column\">\r\n\r\n\t\t\t\t\r\n\t\t\t\t<div class=\"elementor-widget-wrap elementor-element-populated\">\r\n\t\t\t\t\t\t\t\t\t\t\r\n\t\t\t\t\t\t<div class=\"elementor-element elementor-element-1909800 h-min-551 elementor-widget__width-initial elementor-widget-mobile__width-initial elementor-invisible elementor-widget elementor-widget-image\" data-id=\"1909800\" data-element_type=\"widget\" data-settings=\"{&quot;_animation&quot;:&quot;fadeInLeftShorter&quot;}\" data-widget_type=\"image.default\">\n\t\t\t\t<div class=\"elementor-widget-container\">\n\t\t\t\t\t\t\t\t\t\t\t\t\t\t\t<img decoding=\"async\" width=\"705\" height=\"551\" src=\"https:\/\/2022.aniu.org.uy\/wp-content\/uploads\/2023\/03\/consejo-directivo-705x551-1.jpg\" class=\"attachment-full size-full wp-image-9494\" alt=\"\" \/>\t\t\t\t\t\t\t\t\t\t\t\t\t\t\t<\/div>\n\t\t\t\t<\/div>\n\t\t\t\t<div class=\"elementor-element elementor-element-2e75fc0 cs5-banner elementor-widget__width-initial elementor-widget-mobile__width-initial elementor-absolute elementor-invisible elementor-widget elementor-widget-udesign_widget_banner\" data-id=\"2e75fc0\" data-element_type=\"widget\" data-settings=\"{&quot;_position&quot;:&quot;absolute&quot;,&quot;_animation&quot;:&quot;fadeInRightShorter&quot;,&quot;_content_animation&quot;:&quot;none&quot;}\" data-widget_type=\"udesign_widget_banner.default\">\r\n\t\t\t\t<div class=\"elementor-widget-container\">\n\t\t\t\t\t<div class=\"banner banner-fixed\"><div class=\"banner-content t-mc\"><p class=\"banner-item elementor-repeater-item-3af1e5d item-block text\"><strong>Acad. Ing. Julio Fern\u00e1ndez Odella<\/strong><br>\nPRESIDENT\n<br>\n<strong>Acad. Ing. Lucio C\u00e1ceres<\/strong><br>\nVICE PRESIDENT\n<br>\n<strong>Acad. Ing. Adriana Gambogi<\/strong><br>\nSECRETARY\n<br>\n<strong>Acad. Ing. Eduardo Cacciali<\/strong><br>\nTREASURER\n<br>\n<strong>Ac. Ing. Rosario Pou<\/strong><br>\nVOCAL<\/p><\/div><\/div>\t\t\t\t<\/div>\n\t\t\t\t<\/div>\n\t\t\t\t\t\t<\/div>\r\n\t\t\t\t<\/div>\r\n\t\t\t\t\t\t\t\t<\/div>\r\n\t\t\t<\/div>\r\n\t\t\t\t\t<section class=\" elementor-section elementor-top-section elementor-element elementor-element-fb7031f elementor-section-boxed elementor-section-height-default elementor-section-height-default smart-sticky-default\" data-id=\"fb7031f\" data-element_type=\"section\">\r\n\t\t\t\t\t\t\t\t<div class=\"elementor-container elementor-column-gap-default\">\r\n\t\t\t\t\r\n\t\t\t\t\t\t\t\t<div class=\" elementor-column elementor-col-33 elementor-top-column elementor-element elementor-element-65ae625 \" data-id=\"65ae625\" data-element_type=\"column\">\r\n\r\n\t\t\t\t\r\n\t\t\t\t<div class=\"elementor-widget-wrap elementor-element-populated\">\r\n\t\t\t\t\t\t\t\t\t\t\r\n\t\t\t\t\t\t<div class=\"elementor-element elementor-element-50aab10 elementor-widget elementor-widget-heading\" data-id=\"50aab10\" data-element_type=\"widget\" data-widget_type=\"heading.default\">\n\t\t\t\t<div class=\"elementor-widget-container\">\n\t\t\t\t\t<h2 class=\"elementor-heading-title elementor-size-default\">Alternates \/ Preferential order\n<\/h2>\t\t\t\t<\/div>\n\t\t\t\t<\/div>\n\t\t\t\t<div class=\"elementor-element elementor-element-db59d71 elementor-widget-divider--view-line elementor-widget elementor-widget-divider\" data-id=\"db59d71\" data-element_type=\"widget\" data-widget_type=\"divider.default\">\n\t\t\t\t<div class=\"elementor-widget-container\">\n\t\t\t\t\t\t\t<div class=\"elementor-divider\">\n\t\t\t<span class=\"elementor-divider-separator\">\n\t\t\t\t\t\t<\/span>\n\t\t<\/div>\n\t\t\t\t\t\t<\/div>\n\t\t\t\t<\/div>\n\t\t\t\t<div class=\"elementor-element elementor-element-363da73 elementor-widget elementor-widget-text-editor\" data-id=\"363da73\" data-element_type=\"widget\" data-widget_type=\"text-editor.default\">\n\t\t\t\t<div class=\"elementor-widget-container\">\n\t\t\t\t\t\t\t\t\t<p>1. Acad. Eng. Luis Mar\u00eda Rodr\u00edguez Moreno<br \/>2. Acad. Eng. Edi Juri<br \/>3. Acad. Eng. Oscar Ferre\u00f1o<br \/>4. Acad. Eng. David F. Mardero<\/p>\n\t\t\t\t\t\t\t\t<\/div>\n\t\t\t\t<\/div>\n\t\t\t\t\t\t<\/div>\r\n\t\t\t\t<\/div>\r\n\t\t\t\t\t\t\t\t\t<div class=\" elementor-column elementor-col-33 elementor-top-column elementor-element elementor-element-66b5c7a \" data-id=\"66b5c7a\" data-element_type=\"column\">\r\n\r\n\t\t\t\t\r\n\t\t\t\t<div class=\"elementor-widget-wrap elementor-element-populated\">\r\n\t\t\t\t\t\t\t\t\t\t\r\n\t\t\t\t\t\t<div class=\"elementor-element elementor-element-5e98675 elementor-widget elementor-widget-heading\" data-id=\"5e98675\" data-element_type=\"widget\" data-widget_type=\"heading.default\">\n\t\t\t\t<div class=\"elementor-widget-container\">\n\t\t\t\t\t<h2 class=\"elementor-heading-title elementor-size-default\">Tax commission\n<\/h2>\t\t\t\t<\/div>\n\t\t\t\t<\/div>\n\t\t\t\t<div class=\"elementor-element elementor-element-418edc0 elementor-widget-divider--view-line elementor-widget elementor-widget-divider\" data-id=\"418edc0\" data-element_type=\"widget\" data-widget_type=\"divider.default\">\n\t\t\t\t<div class=\"elementor-widget-container\">\n\t\t\t\t\t\t\t<div class=\"elementor-divider\">\n\t\t\t<span class=\"elementor-divider-separator\">\n\t\t\t\t\t\t<\/span>\n\t\t<\/div>\n\t\t\t\t\t\t<\/div>\n\t\t\t\t<\/div>\n\t\t\t\t<div class=\"elementor-element elementor-element-4a03b8d elementor-widget elementor-widget-text-editor\" data-id=\"4a03b8d\" data-element_type=\"widget\" data-widget_type=\"text-editor.default\">\n\t\t\t\t<div class=\"elementor-widget-container\">\n\t\t\t\t\t\t\t\t\t<p>CHAIRMAN:  <strong>Acad. Eng. Norberto Casella<\/strong><br \/>FISCAL:  <strong>Acad. Eng. Ramon Requesens<\/strong><br \/>FISCAL:  <strong>Acad. Eng. Claudio Ruibal<\/strong><\/p>\n\t\t\t\t\t\t\t\t<\/div>\n\t\t\t\t<\/div>\n\t\t\t\t\t\t<\/div>\r\n\t\t\t\t<\/div>\r\n\t\t\t\t\t\t\t\t\t<div class=\" elementor-column elementor-col-33 elementor-top-column elementor-element elementor-element-56acbb3 \" data-id=\"56acbb3\" data-element_type=\"column\">\r\n\r\n\t\t\t\t\r\n\t\t\t\t<div class=\"elementor-widget-wrap elementor-element-populated\">\r\n\t\t\t\t\t\t\t\t\t\t\r\n\t\t\t\t\t\t<div class=\"elementor-element elementor-element-1684e39 elementor-widget elementor-widget-heading\" data-id=\"1684e39\" data-element_type=\"widget\" data-widget_type=\"heading.default\">\n\t\t\t\t<div class=\"elementor-widget-container\">\n\t\t\t\t\t<h2 class=\"elementor-heading-title elementor-size-default\">Alternates \/ Preferential order\n\n<\/h2>\t\t\t\t<\/div>\n\t\t\t\t<\/div>\n\t\t\t\t<div class=\"elementor-element elementor-element-0805e59 elementor-widget-divider--view-line elementor-widget elementor-widget-divider\" data-id=\"0805e59\" data-element_type=\"widget\" data-widget_type=\"divider.default\">\n\t\t\t\t<div class=\"elementor-widget-container\">\n\t\t\t\t\t\t\t<div class=\"elementor-divider\">\n\t\t\t<span class=\"elementor-divider-separator\">\n\t\t\t\t\t\t<\/span>\n\t\t<\/div>\n\t\t\t\t\t\t<\/div>\n\t\t\t\t<\/div>\n\t\t\t\t<div class=\"elementor-element elementor-element-003de40 elementor-widget elementor-widget-text-editor\" data-id=\"003de40\" data-element_type=\"widget\" data-widget_type=\"text-editor.default\">\n\t\t\t\t<div class=\"elementor-widget-container\">\n\t\t\t\t\t\t\t\t\t<p>1. Acad. Eng. Washington Dur\u00e1n<br \/>2. Acad. Eng. Brandon Kaufman<\/p>\n\t\t\t\t\t\t\t\t<\/div>\n\t\t\t\t<\/div>\n\t\t\t\t\t\t<\/div>\r\n\t\t\t\t<\/div>\r\n\t\t\t\t\t\t\t\t<\/div>\r\n\t\t\t<\/section>\r\n\t\t\t\t\t<section class=\" elementor-section elementor-top-section elementor-element elementor-element-d8c46d2 elementor-section-boxed elementor-section-height-default elementor-section-height-default smart-sticky-default\" data-id=\"d8c46d2\" data-element_type=\"section\">\r\n\t\t\t\t\t\t\t\t<div class=\"elementor-container elementor-column-gap-default\">\r\n\t\t\t\t\r\n\t\t\t\t\t\t\t\t<div class=\" elementor-column elementor-col-100 elementor-top-column elementor-element elementor-element-846c4fb \" data-id=\"846c4fb\" data-element_type=\"column\">\r\n\r\n\t\t\t\t\r\n\t\t\t\t<div class=\"elementor-widget-wrap elementor-element-populated\">\r\n\t\t\t\t\t\t\t\t\t\t\r\n\t\t\t\t\t\t<div class=\"elementor-element elementor-element-1bcf3e4 elementor-widget elementor-widget-spacer\" data-id=\"1bcf3e4\" data-element_type=\"widget\" data-widget_type=\"spacer.default\">\n\t\t\t\t<div class=\"elementor-widget-container\">\n\t\t\t\t\t\t\t<div class=\"elementor-spacer\">\n\t\t\t<div class=\"elementor-spacer-inner\"><\/div>\n\t\t<\/div>\n\t\t\t\t\t\t<\/div>\n\t\t\t\t<\/div>\n\t\t\t\t\t\t<\/div>\r\n\t\t\t\t<\/div>\r\n\t\t\t\t\t\t\t\t<\/div>\r\n\t\t\t<\/section>\r\n\t\t\t\t\t<\/div>\n\t\t","protected":false},"excerpt":{"rendered":"<p>Sobre la Academia Board of directors Home Acad. Ing. Julio Fern\u00e1ndez Odella PRESIDENT Acad. Ing. Lucio C\u00e1ceres VICE PRESIDENT Acad. Ing. Adriana Gambogi SECRETARY Acad. Ing. Eduardo Cacciali TREASURER Ac. Ing. Rosario Pou VOCAL Alternates \/ Preferential order 1. Acad. Eng. Luis Mar\u00eda Rodr\u00edguez Moreno2. Acad. Eng. Edi Juri3. Acad. Eng. Oscar Ferre\u00f1o4. Acad. Eng. [&hellip;]<\/p>\n","protected":false},"author":1,"featured_media":0,"parent":0,"menu_order":0,"comment_status":"closed","ping_status":"closed","template":"","meta":{"footnotes":""},"class_list":["post-9822","page","type-page","status-publish","hentry"],"aioseo_notices":[],"_links":{"self":[{"href":"https:\/\/2022.aniu.org.uy\/en\/wp-json\/wp\/v2\/pages\/9822","targetHints":{"allow":["GET"]}}],"collection":[{"href":"https:\/\/2022.aniu.org.uy\/en\/wp-json\/wp\/v2\/pages"}],"about":[{"href":"https:\/\/2022.aniu.org.uy\/en\/wp-json\/wp\/v2\/types\/page"}],"author":[{"embeddable":true,"href":"https:\/\/2022.aniu.org.uy\/en\/wp-json\/wp\/v2\/users\/1"}],"replies":[{"embeddable":true,"href":"https:\/\/2022.aniu.org.uy\/en\/wp-json\/wp\/v2\/comments?post=9822"}],"version-history":[{"count":0,"href":"https:\/\/2022.aniu.org.uy\/en\/wp-json\/wp\/v2\/pages\/9822\/revisions"}],"wp:attachment":[{"href":"https:\/\/2022.aniu.org.uy\/en\/wp-json\/wp\/v2\/media?parent=9822"}],"curies":[{"name":"wp","href":"https:\/\/api.w.org\/{rel}","templated":true}]}}